{"id":638,"date":"2020-10-17T18:39:38","date_gmt":"2020-10-17T18:39:38","guid":{"rendered":"https:\/\/osk-eyewear.com\/es\/?page_id=638"},"modified":"2020-12-11T17:52:11","modified_gmt":"2020-12-11T17:52:11","slug":"quienes-somos","status":"publish","type":"page","link":"https:\/\/osk-eyewear.com\/es\/quienes-somos\/","title":{"rendered":"QUI\u00c9NES SOMOS"},"content":{"rendered":"<p>[vc_row full_width=&#8221;stretch_row&#8221; full_height=&#8221;yes&#8221; css=&#8221;.vc_custom_1603740819184{background: #fcf3e3 url(https:\/\/osk-eyewear.com\/es\/wp-content\/uploads\/2020\/10\/even_front.png?id=800) !important;background-position: center !important;background-repeat: no-repeat !important;background-size: cover !important;}&#8221;][vc_column][vc_empty_space height=&#8221;60px&#8221;][vc_custom_heading text=&#8221;Take every chance to make things beautifully.&#8221; font_container=&#8221;tag:h2|text_align:center|color:%23000000&#8243; google_fonts=&#8221;font_family:Lato%3A100%2C100italic%2C300%2C300italic%2Cregular%2Citalic%2C700%2C700italic%2C900%2C900italic|font_style:400%20regular%3A400%3Anormal&#8221;][vc_empty_space height=&#8221;90px&#8221;][\/vc_column][\/vc_row][vc_row][vc_column width=&#8221;1\/4&#8243;][\/vc_column][vc_column width=&#8221;1\/2&#8243;][vc_empty_space height=&#8221;50px&#8221;][vc_custom_heading text=&#8221;CREATIVIDAD ES NUESTRO MANDATO&#8221; font_container=&#8221;tag:h2|font_size:30|text_align:center|color:%23000000&#8243; google_fonts=&#8221;font_family:Raleway%3A100%2C200%2C300%2Cregular%2C500%2C600%2C700%2C800%2C900|font_style:500%20bold%20regular%3A500%3Anormal&#8221;][vc_empty_space height=&#8221;50px&#8221;][vc_custom_heading text=&#8221;Somos un equipo de \u00f3pticos, dise\u00f1adores y creativos con base en Londres y Valencia.&#8221; font_container=&#8221;tag:p|font_size:20|text_align:center|color:%23000000|line_height:1.5&#8243; google_fonts=&#8221;font_family:Raleway%3A100%2C200%2C300%2Cregular%2C500%2C600%2C700%2C800%2C900|font_style:400%20regular%3A400%3Anormal&#8221;][vc_custom_heading text=&#8221;La belleza de lo simple y aut\u00e9ntico nos inspira a crear una est\u00e9tica sofisticada y contempor\u00e1nea. Incorporamos al dise\u00f1o t\u00e9cnico de las gafas un lenguaje proveniente del mundo de las artes visuales, donde conjugamos t\u00e9cnica y est\u00e9tica para crear gafas aut\u00e9nticas y de calidad.&#8221; font_container=&#8221;tag:p|font_size:20|text_align:center|color:%23000000|line_height:1.5&#8243; google_fonts=&#8221;font_family:Raleway%3A100%2C200%2C300%2Cregular%2C500%2C600%2C700%2C800%2C900|font_style:400%20regular%3A400%3Anormal&#8221;][vc_empty_space height=&#8221;50&#8243;][\/vc_column][vc_column width=&#8221;1\/4&#8243;][\/vc_column][\/vc_row][vc_row equal_height=&#8221;yes&#8221; css=&#8221;.vc_custom_1607708052767{background-position: center !important;background-repeat: no-repeat !important;background-size: contain !important;}&#8221;][vc_column width=&#8221;1\/4&#8243;][\/vc_column][vc_column width=&#8221;1\/2&#8243; css=&#8221;.vc_custom_1607709122775{background-image: url(https:\/\/osk-eyewear.com\/es\/wp-content\/uploads\/2020\/12\/installation_crop800.jpg?id=2742) !important;background-position: center !important;background-repeat: no-repeat !important;background-size: contain !important;}&#8221;][vc_empty_space height=&#8221;500px&#8221;][\/vc_column][vc_column width=&#8221;1\/4&#8243;][\/vc_column][\/vc_row][vc_row][vc_column width=&#8221;1\/4&#8243;][\/vc_column][vc_column width=&#8221;1\/2&#8243;][vc_empty_space height=&#8221;50px&#8221;][vc_custom_heading text=&#8221;NUESTRA HISTORIA&#8221; font_container=&#8221;tag:h2|font_size:30|text_align:center|color:%23000000&#8243; google_fonts=&#8221;font_family:Raleway%3A100%2C200%2C300%2Cregular%2C500%2C600%2C700%2C800%2C900|font_style:500%20bold%20regular%3A500%3Anormal&#8221;][vc_empty_space height=&#8221;50px&#8221;][vc_custom_heading text=&#8221;OSK, naci\u00f3 en 2019 cuando Elena (Dra. optometr\u00eda y ciencias de la salud y 3ra generaci\u00f3n de \u00f3pticos), Jorge (director creativo en cine y publicidad) y Miguel (patronista e ilustrador de moda), sumaron sus habilidades para crear unas gafas que combinen la est\u00e9tica y la t\u00e9cnica.&#8221; font_container=&#8221;tag:p|font_size:20|text_align:center|color:%23000000|line_height:1.5&#8243; google_fonts=&#8221;font_family:Raleway%3A100%2C200%2C300%2Cregular%2C500%2C600%2C700%2C800%2C900|font_style:400%20regular%3A400%3Anormal&#8221;][vc_empty_space height=&#8221;100px&#8221;][\/vc_column][vc_column width=&#8221;1\/4&#8243;][\/vc_column][\/vc_row][vc_row][vc_column css=&#8221;.vc_custom_1604661957326{background-image: url(https:\/\/osk-eyewear.com\/es\/wp-content\/uploads\/2020\/11\/P1210398.jpg?id=1202) !important;background-position: center !important;background-repeat: no-repeat !important;background-size: cover !important;}&#8221;][vc_empty_space height=&#8221;600&#8243;][\/vc_column][\/vc_row][vc_row full_width=&#8221;stretch_row&#8221; css=&#8221;.vc_custom_1603743575317{background-position: center !important;background-repeat: no-repeat !important;background-size: cover !important;}&#8221;][vc_column width=&#8221;1\/4&#8243;][\/vc_column][vc_column width=&#8221;1\/2&#8243; css=&#8221;.vc_custom_1603750945171{background-position: center !important;background-repeat: no-repeat !important;background-size: cover !important;}&#8221;][vc_empty_space height=&#8221;50px&#8221;][vc_custom_heading text=&#8221;NO SE TRATA SOLO DE ESTILO&#8221; font_container=&#8221;tag:h2|font_size:30|text_align:center|color:%23000000&#8243; google_fonts=&#8221;font_family:Raleway%3A100%2C200%2C300%2Cregular%2C500%2C600%2C700%2C800%2C900|font_style:500%20bold%20regular%3A500%3Anormal&#8221;][vc_empty_space height=&#8221;50px&#8221;][vc_custom_heading text=&#8221;La idea surgi\u00f3 en crear una l\u00ednea de gafas de alto nivel t\u00e9cnico para desarrollar una montura que cubra los requisitos exigidos por los diferentes tipos de graduaciones, y al mismo tiempo que fuera una colecci\u00f3n creativa e innovadora.&#8221; font_container=&#8221;tag:p|font_size:20|text_align:center|color:%23000000|line_height:1.5&#8243; google_fonts=&#8221;font_family:Raleway%3A100%2C200%2C300%2Cregular%2C500%2C600%2C700%2C800%2C900|font_style:400%20regular%3A400%3Anormal&#8221;][vc_custom_heading text=&#8221;Tras muchas horas de charlas, dise\u00f1os, bocetos y prototipos, podemos por fin presentar OSK. Una l\u00ednea de monturas, pensada para que los \u00f3pticos optometristas puedan trabajar con ellas de una manera t\u00e9cnica, y los usuarios disfruten de su ligereza, innovaci\u00f3n y calidad.&#8221; font_container=&#8221;tag:p|font_size:20|text_align:center|color:%23000000|line_height:1.5&#8243; google_fonts=&#8221;font_family:Raleway%3A100%2C200%2C300%2Cregular%2C500%2C600%2C700%2C800%2C900|font_style:400%20regular%3A400%3Anormal&#8221;][vc_empty_space height=&#8221;50px&#8221;][\/vc_column][vc_column width=&#8221;1\/4&#8243;][\/vc_column][\/vc_row][vc_row disable_element=&#8221;yes&#8221;][vc_column width=&#8221;1\/3&#8243; css=&#8221;.vc_custom_1603665830158{background-image: url(https:\/\/osk-eyewear.com\/es\/wp-content\/uploads\/2020\/10\/P1210323.jpg?id=761) !important;background-position: center !important;background-repeat: no-repeat !important;background-size: cover !important;}&#8221;][vc_empty_space height=&#8221;400&#8243;][\/vc_column][vc_column width=&#8221;1\/3&#8243; css=&#8221;.vc_custom_1603665924328{background-image: url(https:\/\/osk-eyewear.com\/es\/wp-content\/uploads\/2020\/10\/foto_miguel_-01.jpg?id=723) !important;background-position: center !important;background-repeat: no-repeat !important;background-size: cover !important;}&#8221;][vc_empty_space height=&#8221;400&#8243;][\/vc_column][vc_column width=&#8221;1\/3&#8243; css=&#8221;.vc_custom_1603665958205{background-image: url(https:\/\/osk-eyewear.com\/es\/wp-content\/uploads\/2020\/10\/P1210311.jpg?id=722) !important;background-position: center !important;background-repeat: no-repeat !important;background-size: cover !important;}&#8221;][vc_empty_space height=&#8221;400&#8243;][\/vc_column][\/vc_row]<\/p>\n","protected":false},"excerpt":{"rendered":"<p>[vc_row full_width=&#8221;stretch_row&#8221; full_height=&#8221;yes&#8221; css=&#8221;.vc_custom_1603740819184{background: #fcf3e3 url(https:\/\/osk-eyewear.com\/es\/wp-content\/uploads\/2020\/10\/even_front.png?id=800) !important;background-position: center !important;background-repeat: no-repeat !important;background-size: cover !important;}&#8221;][vc_column][vc_empty_space height=&#8221;60px&#8221;][vc_custom_heading text=&#8221;Take every chance to make things&#8230;<\/p>\n","protected":false},"author":1,"featured_media":0,"parent":0,"menu_order":0,"comment_status":"closed","ping_status":"closed","template":"","meta":[],"_links":{"self":[{"href":"https:\/\/osk-eyewear.com\/es\/wp-json\/wp\/v2\/pages\/638"}],"collection":[{"href":"https:\/\/osk-eyewear.com\/es\/wp-json\/wp\/v2\/pages"}],"about":[{"href":"https:\/\/osk-eyewear.com\/es\/wp-json\/wp\/v2\/types\/page"}],"author":[{"embeddable":true,"href":"https:\/\/osk-eyewear.com\/es\/wp-json\/wp\/v2\/users\/1"}],"replies":[{"embeddable":true,"href":"https:\/\/osk-eyewear.com\/es\/wp-json\/wp\/v2\/comments?post=638"}],"version-history":[{"count":127,"href":"https:\/\/osk-eyewear.com\/es\/wp-json\/wp\/v2\/pages\/638\/revisions"}],"predecessor-version":[{"id":2744,"href":"https:\/\/osk-eyewear.com\/es\/wp-json\/wp\/v2\/pages\/638\/revisions\/2744"}],"wp:attachment":[{"href":"https:\/\/osk-eyewear.com\/es\/wp-json\/wp\/v2\/media?parent=638"}],"curies":[{"name":"wp","href":"https:\/\/api.w.org\/{rel}","templated":true}]}}